{"id":420,"date":"2020-12-17T02:36:35","date_gmt":"2020-12-17T02:36:35","guid":{"rendered":"https:\/\/shtheme.org\/demosd\/poora\/?page_id=37"},"modified":"2022-02-27T15:07:24","modified_gmt":"2022-02-27T15:07:24","slug":"de-ce-bitcoin","status":"publish","type":"page","link":"https:\/\/educatiecomplementara.ro\/en\/de-ce-bitcoin\/","title":{"rendered":"Why Bitcoin"},"content":{"rendered":"<div data-elementor-type=\"post\" data-elementor-id=\"420\" class=\"elementor elementor-420\" data-elementor-settings=\"[]\">\n\t\t\t<div class=\"elementor-inner\">\n\t\t\t\t<div class=\"elementor-section-wrap\">\n\t\t\t\t\t\t\t<section class=\"elementor-element elementor-element-675fb18 elementor-section-full_width elementor-section-height-default elementor-section-height-default elementor-section elementor-top-section\" data-id=\"675fb18\" data-element_type=\"section\">\n\t\t\t\t\t\t<div class=\"elementor-container elementor-column-gap-default\">\n\t\t\t\t<div class=\"elementor-row\">\n\t\t\t\t<div class=\"elementor-element elementor-element-817fdc5 elementor-column elementor-col-100 elementor-top-column\" data-id=\"817fdc5\" data-element_type=\"column\">\n\t\t\t<div class=\"elementor-column-wrap  elementor-element-populated\">\n\t\t\t\t\t<div class=\"elementor-widget-wrap\">\n\t\t\t\t<div class=\"elementor-element elementor-element-528c396 elementor-align-left elementor-widget elementor-widget-bdevs-cta\" data-id=\"528c396\" data-element_type=\"widget\" data-widget_type=\"bdevs-cta.default\">\n\t\t\t\t<div class=\"elementor-widget-container\">\n\t\t\t\t\t<div class=\"volunteer-area text-center default-padding\">\r\n        <!-- Fixed Shape -->\r\n        \t\t        <div class=\"shape-bottom\">\r\n\t            <img src=\"https:\/\/educatiecomplementara.ro\/wp-content\/themes\/poora\/assets\/img\/shape\/7.png\" alt=\"Shape\">\r\n\t        <\/div>\r\n\t    \t\t        <!-- Fixed Shape -->\r\n\t        <div class=\"container\">\r\n\t            <div class=\"row\">\r\n\t                <div class=\"col-lg-8 offset-lg-2\">\r\n\t                    \t\t                <h5>donations in BTC<\/h5>\r\n\t\t                \t                    \t\t                <h2 class=\"text-blur\">donations in BTC<\/h2>\r\n\t\t                \t                    \t\t                <h2 class=\"area-title\">Why did we choose to collect donations in BTC?<\/h2>\r\n\t\t                \t                                            <p><ul style=\"text-align:left;list-style-type: circle\">\n<li>The transferred amounts reach our BTC wallet in <b>15 minutes up to a few hours<\/b>, depending on the transfer fee paid by the donor<\/li>\n<li>access to BTC wallet is 24\/7\/365 <\/li>\n<li>amounts can be donated <b>from anywhere in the world<\/b>even from areas where the banking system is not working (for example Ukraine, at the moment), you only need an internet connection, for a few seconds, to make the BTC transfer\n<\/li>\n<li>donation can be <b>100% anonymous<\/b>, if the donor wants it\n<\/li>\n<li>donations can be made <b>from countries that are not connected to the global payment system<\/b> \n<\/li>\n<li>the donation wallet can be <b>viewed at any time using a blockchain explorer<\/b> on our donation page, to see how much BTC has been received\n<\/li>\n<li>also, with a blockchain explorer, it will be possible to see  how many and to which addresses the BTC were transferred, which achieves a <b>total transparency<\/b>\n<\/li>\n<\/ul><\/p>\r\n                    \t                    \t\t                    \t                    \t                <\/div>\r\n\t            <\/div>\r\n\t        <\/div>\r\n\t    <\/div>\r\n\t\t\t<\/div>\n\t\t\t\t<\/div>\n\t\t\t\t<div class=\"elementor-element elementor-element-54b929a elementor-widget elementor-widget-divider\" data-id=\"54b929a\" data-element_type=\"widget\" data-widget_type=\"divider.default\">\n\t\t\t\t<div class=\"elementor-widget-container\">\n\t\t\t\t\t<div class=\"elementor-divider\">\n\t\t\t<span class=\"elementor-divider-separator\"><\/span>\n\t\t<\/div>\n\t\t\t\t<\/div>\n\t\t\t\t<\/div>\n\t\t\t\t\t\t<\/div>\n\t\t\t<\/div>\n\t\t<\/div>\n\t\t\t\t\t\t<\/div>\n\t\t\t<\/div>\n\t\t<\/section>\n\t\t\t\t<section class=\"elementor-element elementor-element-a1cef41 elementor-section-full_width elementor-section-height-default elementor-section-height-default elementor-section elementor-top-section\" data-id=\"a1cef41\" data-element_type=\"section\">\n\t\t\t\t\t\t<div class=\"elementor-container elementor-column-gap-default\">\n\t\t\t\t<div class=\"elementor-row\">\n\t\t\t\t<div class=\"elementor-element elementor-element-bf5ae69 elementor-column elementor-col-100 elementor-top-column\" data-id=\"bf5ae69\" data-element_type=\"column\">\n\t\t\t<div class=\"elementor-column-wrap  elementor-element-populated\">\n\t\t\t\t\t<div class=\"elementor-widget-wrap\">\n\t\t\t\t<div class=\"elementor-element elementor-element-644d02f elementor-align-left elementor-widget elementor-widget-bdevs-about-one\" data-id=\"644d02f\" data-element_type=\"widget\" data-widget_type=\"bdevs-about-one.default\">\n\t\t\t\t<div class=\"elementor-widget-container\">\n\t\t\t\t\t\t\t<div class=\"about-area default-padding\">\r\n\t\t    <div class=\"container\">\r\n\t\t        <div class=\"row align-center\">\r\n\r\n\t\t            <div class=\"col-lg-6\">\r\n\t\t                <div class=\"thumb\">\r\n\t\t                    <img src=\"https:\/\/educatiecomplementara.ro\/wp-content\/uploads\/2022\/02\/pexels-tima-miroshnichenko-7567554-scaled.jpg\" alt=\"Thumb\">\r\n\t\t                    \t\t                    <div class=\"overlay\">\r\n\t\t                        <h4>Important note<\/h4>\r\n\t\t                    <\/div>\r\n\t\t                    \t\t                <\/div>\r\n\t\t            <\/div>\r\n\r\n\t\t            <div class=\"col-lg-6 info\">\r\n\t\t            \t\t\t                <h5>Important <\/h5>\r\n\t\t                \t\t                \t\t                <h2 class=\"text-blur\">Important <\/h2>\r\n\t\t                \t\t                \t\t                <h2 class=\"area-title\">It is well known that Bitcoin can have a significant exchange rate with fiat currency. <\/h2>\r\n\t\t                \t\t                \t\t                <p>\n   1. if the exchange rate  decreases between the time of donation and the time of conversion into fiat currency (Euro), to buy what children need, we will see a decrease in purchasing power\n<\/p>\n<p>\n   2. if the exchange rate of Bitcoin increases between the time of donation and the time of conversion into fiat currency (Euro), to buy what children need, we will see an increase in purchasing power\n<\/p>\n APEC will have full transparency policy, regarding  the amounts received from the donation, the timing of the fiat currency exchange and the exchange rate, and how the amounts are spent, to help refugee children in Ukraine. To follow this information, click here (link to How to help)\n<\/p>\t\t                \t\t                \t\t                <a class=\"btn circle btn-theme border btn-md\" href=\"https:\/\/educatiecomplementara.ro\/en\/#doneazaacum\">DONATE NOW<\/a>\r\n\t\t            \t\t\t            <\/div>\r\n\t\t            \r\n\t\t        <\/div>\r\n\t\t    <\/div>\r\n\t\t<\/div>\r\n\t\t\t\t\t<\/div>\n\t\t\t\t<\/div>\n\t\t\t\t\t\t<\/div>\n\t\t\t<\/div>\n\t\t<\/div>\n\t\t\t\t\t\t<\/div>\n\t\t\t<\/div>\n\t\t<\/section>\n\t\t\t\t\t\t<\/div>\n\t\t\t<\/div>\n\t\t<\/div>","protected":false},"excerpt":{"rendered":"<p>Donatii BTC Donatii BTC De ce am optat pentru a aduna dona\u021bii \u00een BTC? Sumele virate ajung \u00een portofelul BTC de la 15 minute la c\u00e2teva ore, \u00een func\u021bie de taxa de transfer pl\u0103tit\u0103 de donator accesul la BTC este 24\/7\/365 pot fi donate sume din orice parte a lumii, chiar \u0219i din zone unde [&hellip;]<\/p>","protected":false},"author":3,"featured_media":0,"parent":0,"menu_order":0,"comment_status":"closed","ping_status":"closed","template":"page-templates\/home-1.php","meta":[],"ACF":false,"_links":{"self":[{"href":"https:\/\/educatiecomplementara.ro\/en\/wp-json\/wp\/v2\/pages\/420"}],"collection":[{"href":"https:\/\/educatiecomplementara.ro\/en\/wp-json\/wp\/v2\/pages"}],"about":[{"href":"https:\/\/educatiecomplementara.ro\/en\/wp-json\/wp\/v2\/types\/page"}],"author":[{"embeddable":true,"href":"https:\/\/educatiecomplementara.ro\/en\/wp-json\/wp\/v2\/users\/3"}],"replies":[{"embeddable":true,"href":"https:\/\/educatiecomplementara.ro\/en\/wp-json\/wp\/v2\/comments?post=420"}],"version-history":[{"count":11,"href":"https:\/\/educatiecomplementara.ro\/en\/wp-json\/wp\/v2\/pages\/420\/revisions"}],"predecessor-version":[{"id":651,"href":"https:\/\/educatiecomplementara.ro\/en\/wp-json\/wp\/v2\/pages\/420\/revisions\/651"}],"wp:attachment":[{"href":"https:\/\/educatiecomplementara.ro\/en\/wp-json\/wp\/v2\/media?parent=420"}],"curies":[{"name":"wp","href":"https:\/\/api.w.org\/{rel}","templated":true}]}}